{"id":1490,"date":"2020-07-11T03:59:57","date_gmt":"2020-07-11T01:59:57","guid":{"rendered":"https:\/\/dev.artemsemkin.com\/rhye\/wp\/?page_id=1490"},"modified":"2024-05-10T11:52:06","modified_gmt":"2024-05-10T09:52:06","slug":"bio","status":"publish","type":"page","link":"https:\/\/claudefrochaux.com\/?page_id=1490","title":{"rendered":"bio"},"content":{"rendered":"\t\t<div data-elementor-type=\"wp-page\" data-elementor-id=\"1490\" class=\"elementor elementor-1490\">\n\t\t\t\t\t\t\t\t\t<section class=\"elementor-section elementor-top-section elementor-element elementor-element-865d90a pb-xsmall container-fluid bg-light-1 elementor-section-boxed elementor-section-height-default elementor-section-height-default\" data-id=\"865d90a\" data-element_type=\"section\">\n\t\t\t\t\t\t<div class=\"elementor-container elementor-column-gap-no\">\n\t\t\t\t\t<div class=\"elementor-column elementor-col-33 elementor-top-column elementor-element elementor-element-2b19c4f\" data-id=\"2b19c4f\" data-element_type=\"column\">\n\t\t\t<div class=\"elementor-widget-wrap elementor-element-populated\">\n\t\t\t\t\t\t\t\t<section class=\"elementor-section elementor-inner-section elementor-element elementor-element-ce7df33 elementor-section-full_width elementor-section-height-default elementor-section-height-default\" data-id=\"ce7df33\" data-element_type=\"section\">\n\t\t\t\t\t\t<div class=\"elementor-container elementor-column-gap-no\">\n\t\t\t\t\t<div class=\"elementor-column elementor-col-100 elementor-inner-column elementor-element elementor-element-1f5121b\" data-id=\"1f5121b\" data-element_type=\"column\">\n\t\t\t<div class=\"elementor-widget-wrap elementor-element-populated\">\n\t\t\t\t\t\t\t\t<div class=\"elementor-element elementor-element-5a0f24b elementor-widget elementor-widget-rhye-widget-parallax-background\" data-id=\"5a0f24b\" data-element_type=\"widget\" data-widget_type=\"rhye-widget-parallax-background.default\">\n\t\t\t\t<div class=\"elementor-widget-container\">\n\t\t\t\n\t\t\t\t\t\t\t\t\t\t\t\t\t\t<div class=\"section section-image section text-center\" data-arts-parallax=true data-arts-parallax-factor=0.1 data-arts-os-animation=true>\n\t\t\t\t\t\t\t\t\t\t\t\t\t\t<div class=\"section-image__wrapper overflow mask-reveal lazy\"  style=\"padding-bottom: calc( (1080 \/ 1620) * 100% ); height: 0;\">\n\t\t\t\t\t\t\t\t\t\t\t\t\t<div class=\"mask-reveal__layer mask-reveal__layer-1\">\n\t\t\t\t\t\t<div class=\"mask-reveal__layer mask-reveal__layer-2\">\n\t\t\t\t\t\t\t\t\t\t\t\t\t\t\t\t\t\t<img loading=\"lazy\" decoding=\"async\" class=\"\" src=\"data:image\/png;base64,iVBORw0KGgoAAAANSUhEUgAAAAEAAAABCAQAAAHCGzyUAAAABGdBTUEAALGPC\/xhBQAAADhlWElmTU0AKgAAAAgAAYdpAAQAAAABAAAAGgAAAAAAAqACAAQAAAABAAAAAaADAAQAAAABAAAAAQAAAADa6r\/EAAAAC0lEQVQI12NolQQAASYAn89qhTcAAAAASUVORK5CYII=\" data-src=\"https:\/\/claudefrochaux.com\/wp-content\/uploads\/2021\/03\/122523978_987604485093486_5924822952281956421_o.jpg\" width=\"1620\" height=\"1080\"   data-sizes=\"(max-width: 1620px) 100vw, 1620px\"  alt=\"\"\/>\n\t\t\t\t\t\t\t\t\t\t\t\t\t\t\t\t\t\t\t\t\t\t\t\t\t\t\t<\/div>\n\t\t\t\t\t<\/div>\n\t\t\t\t\t\t\t\t<\/div>\n\t\t\t\t\t\t\t\t\t\t\t\t\t\t<\/div>\n\t\t\t\t\t\t\t\t\t\n\t\t\t\t<\/div>\n\t\t\t\t<\/div>\n\t\t\t\t<div class=\"elementor-element elementor-element-22116e4 elementor-widget__width-initial elementor-absolute elementor-widget-tablet__width-initial elementor-widget-mobile__width-initial elementor-widget elementor-widget-rhye-widget-parallax-background\" data-id=\"22116e4\" data-element_type=\"widget\" data-settings=\"{&quot;_position&quot;:&quot;absolute&quot;}\" data-widget_type=\"rhye-widget-parallax-background.default\">\n\t\t\t\t<div class=\"elementor-widget-container\">\n\t\t\t\n\t\t\t\t\t\t\t\t\t\t\t\t\t\t<div class=\"section section-image section text-center\" data-arts-parallax=true data-arts-parallax-factor=-0.1 data-arts-os-animation=true>\n\t\t\t\t\t\t\t\t\t\t\t\t\t\t<div class=\"section-image__wrapper overflow mask-reveal lazy\"  style=\"padding-bottom: calc( (1128 \/ 1692) * 100% ); height: 0;\">\n\t\t\t\t\t\t\t\t\t\t\t\t\t<div class=\"mask-reveal__layer mask-reveal__layer-1\">\n\t\t\t\t\t\t<div class=\"mask-reveal__layer mask-reveal__layer-2\">\n\t\t\t\t\t\t\t\t\t\t\t\t\t\t\t\t\t\t<img loading=\"lazy\" decoding=\"async\" class=\"\" src=\"data:image\/png;base64,iVBORw0KGgoAAAANSUhEUgAAAAEAAAABCAQAAAHCGzyUAAAABGdBTUEAALGPC\/xhBQAAADhlWElmTU0AKgAAAAgAAYdpAAQAAAABAAAAGgAAAAAAAqACAAQAAAABAAAAAaADAAQAAAABAAAAAQAAAADa6r\/EAAAAC0lEQVQI12NolQQAASYAn89qhTcAAAAASUVORK5CYII=\" data-src=\"https:\/\/claudefrochaux.com\/wp-content\/uploads\/2021\/03\/122534159_987654565088478_659796413300383029_o.jpg\" width=\"1692\" height=\"1128\"   data-sizes=\"(max-width: 1692px) 100vw, 1692px\"  alt=\"\"\/>\n\t\t\t\t\t\t\t\t\t\t\t\t\t\t\t\t\t\t\t\t\t\t\t\t\t\t\t<\/div>\n\t\t\t\t\t<\/div>\n\t\t\t\t\t\t\t\t<\/div>\n\t\t\t\t\t\t\t\t\t\t\t\t\t\t<\/div>\n\t\t\t\t\t\t\t\t\t\n\t\t\t\t<\/div>\n\t\t\t\t<\/div>\n\t\t\t\t\t<\/div>\n\t\t<\/div>\n\t\t\t\t\t\t\t<\/div>\n\t\t<\/section>\n\t\t\t\t\t<\/div>\n\t\t<\/div>\n\t\t\t\t<div class=\"elementor-column elementor-col-33 elementor-top-column elementor-element elementor-element-29855b0\" data-id=\"29855b0\" data-element_type=\"column\">\n\t\t\t<div class=\"elementor-widget-wrap\">\n\t\t\t\t\t\t\t\t\t<\/div>\n\t\t<\/div>\n\t\t\t\t<div class=\"elementor-column elementor-col-33 elementor-top-column elementor-element elementor-element-45bc431\" data-id=\"45bc431\" data-element_type=\"column\">\n\t\t\t<div class=\"elementor-widget-wrap elementor-element-populated\">\n\t\t\t\t\t\t\t\t<section class=\"elementor-section elementor-inner-section elementor-element elementor-element-a6589d1 elementor-section-full_width elementor-section-height-default elementor-section-height-default\" data-id=\"a6589d1\" data-element_type=\"section\">\n\t\t\t\t\t\t<div class=\"elementor-container elementor-column-gap-no\">\n\t\t\t\t\t<div class=\"elementor-column elementor-col-100 elementor-inner-column elementor-element elementor-element-b8649bd\" data-id=\"b8649bd\" data-element_type=\"column\">\n\t\t\t<div class=\"elementor-widget-wrap\">\n\t\t\t\t\t\t\t\t\t<\/div>\n\t\t<\/div>\n\t\t\t\t\t\t\t<\/div>\n\t\t<\/section>\n\t\t\t\t\t<\/div>\n\t\t<\/div>\n\t\t\t\t\t\t\t<\/div>\n\t\t<\/section>\n\t\t\t\t<section class=\"elementor-section elementor-top-section elementor-element elementor-element-e0b99df pb-xsmall container-fluid bg-light-1 elementor-section-boxed elementor-section-height-default elementor-section-height-default\" data-id=\"e0b99df\" data-element_type=\"section\">\n\t\t\t\t\t\t<div class=\"elementor-container elementor-column-gap-no\">\n\t\t\t\t\t<div class=\"elementor-column elementor-col-100 elementor-top-column elementor-element elementor-element-9db6e8c\" data-id=\"9db6e8c\" data-element_type=\"column\">\n\t\t\t<div class=\"elementor-widget-wrap elementor-element-populated\">\n\t\t\t\t\t\t\t\t<section class=\"elementor-section elementor-inner-section elementor-element elementor-element-3c64bc8 elementor-section-full_width elementor-section-height-default elementor-section-height-default\" data-id=\"3c64bc8\" data-element_type=\"section\">\n\t\t\t\t\t\t<div class=\"elementor-container elementor-column-gap-no\">\n\t\t\t\t\t<div class=\"elementor-column elementor-col-100 elementor-inner-column elementor-element elementor-element-0a1d735\" data-id=\"0a1d735\" data-element_type=\"column\">\n\t\t\t<div class=\"elementor-widget-wrap elementor-element-populated\">\n\t\t\t\t\t\t\t\t<div class=\"elementor-element elementor-element-c9f2f18 elementor-tabs-view-horizontal elementor-widget elementor-widget-tabs\" data-id=\"c9f2f18\" data-element_type=\"widget\" data-widget_type=\"tabs.default\">\n\t\t\t\t<div class=\"elementor-widget-container\">\n\t\t\t\t\t<div class=\"elementor-tabs\">\n\t\t\t<div class=\"elementor-tabs-wrapper\" role=\"tablist\" >\n\t\t\t\t\t\t\t\t\t<div id=\"elementor-tab-title-2111\" class=\"elementor-tab-title elementor-tab-desktop-title\" aria-selected=\"true\" data-tab=\"1\" role=\"tab\" tabindex=\"0\" aria-controls=\"elementor-tab-content-2111\" aria-expanded=\"false\">ENG<\/div>\n\t\t\t\t\t\t\t\t\t<div id=\"elementor-tab-title-2112\" class=\"elementor-tab-title elementor-tab-desktop-title\" aria-selected=\"false\" data-tab=\"2\" role=\"tab\" tabindex=\"-1\" aria-controls=\"elementor-tab-content-2112\" aria-expanded=\"false\">DEU<\/div>\n\t\t\t\t\t\t\t<\/div>\n\t\t\t<div class=\"elementor-tabs-content-wrapper\" role=\"tablist\" aria-orientation=\"vertical\">\n\t\t\t\t\t\t\t\t\t<div class=\"elementor-tab-title elementor-tab-mobile-title\" aria-selected=\"true\" data-tab=\"1\" role=\"tab\" tabindex=\"0\" aria-controls=\"elementor-tab-content-2111\" aria-expanded=\"false\">ENG<\/div>\n\t\t\t\t\t<div id=\"elementor-tab-content-2111\" class=\"elementor-tab-content elementor-clearfix\" data-tab=\"1\" role=\"tabpanel\" aria-labelledby=\"elementor-tab-title-2111\" tabindex=\"0\" hidden=\"false\"><p><span style=\"caret-color: rgb(0, 0, 0); color: rgb(0, 0, 0); font-family: -webkit-standard; font-size: medium;\"><\/span><\/p>\n<p>Born in Turin, Italy, Swiss-Italian cellist Claude Frochaux began playing the cello at the age of six at the Suzuki Talent Center, then at the Conservatory of Turin. Studies followed in Frankfurt with Michael Sanderling, where he completed his diploma and his concert examination with the highest rating in the soloist class, as well as postgraduate studies with honours in Essen and Madrid. He received further artistic inspiration from Eberhard Feltz, Menahem Pressler, Ferenc Rados, Ralf Gothoni among others and was supported by the foundations De Sono, Live Music Now and Anna Ruths.<\/p>\n<p>Besides Italy and other European countries, solo and chamber music concerts have brought him to North and South America, India and China with performances in halls such as the Wigmore Hall and King\u2019s Place London,Elbphilharmonie Hamburg, Alte Oper Frankfurt, Konzerthaus Berlin, K\u00f6lner Philharmonie, Musikverein Wien, Parco della Musica Roma, Auditorium Sony Madrid, Arvo P\u00e4rt Centre Estonia, as well as the NCPA Theatre Mumbai and Teatro del Lago Chile. As a sought-after and passionate chamber musician, he is a guest at festivals including Enescu Bukarest, Kuhmo Finland, Oxford, Baltic Sea Festival, Schleswig-Holstein, Mecklenburg-Vorpommern, Mozartfest W\u00fcrzburg, Beethovenfest Bonn and and has been broadcast on BR, WDR, SWR, NDR, Deutschlandfunk, RAI3 and Radio Clasica.<\/p>\n<p>Frochaux worked together with composers such as P\u0113teris Vasks, Krzysztof Penderecki, Sally Beamish and Arvo P\u00e4rt, who wrote about him \u201cI appreciate very much Mr Frochaux\u2019s talent and skills as a cellist \u2026 I was very impressed by his interpretation of my works.\u201d<span style=\"color: var(--paragraph-color-dark); font-size: calc(var(--paragraph-min-font-size) * 1px + (var(--paragraph-max-font-size) - var(--paragraph-min-font-size)) * ((100vw - 320px) \/ 1600)); letter-spacing: 0px; background-color: var(--color-light-1) ;\">In 2008 he founded Monte Piano Trio with which he has won numerous international prizes -Maria Canals Barcelona, Schumann Frankfurt, Folkwang Prize Essen, Brahms Austria, European Chamber Music Competition Karlsruhe. The Trio has released two CDs on the Genuin Classics label which received many accolades including five star reviews in Fonoforum Magazine, being part of the Klassik Stars program on BR Klassik, as well as being chosen as CD of the Month on Stereo Magazine. It is featured on the soundtrack of \u201cMaestro\u201d, a documentary film which explores the life of musicians through the eyes of Paavo J\u00e4rvi.<\/span><\/p><p>He plays in ensembles such as O\/Modernt Stockholm, Chamber Orchestra of Europe or Ensemble Midtwest Denmark and he has gained experience through the years with several orchestras such as Bamberger Symphoniker, English Chamber Orchestra, Stuttgarter Kammerorchester, Pomeriggi musicali di Milano, Orchestra Filarmonica di Torino, Spira Mirabilis.<\/p>\n<p>Claude Frochaux is the artistic director of Kammermusikfest Sylt, an international chamber music festival that is held on the German island every year since 2012.&nbsp;<span style=\"color: var(--paragraph-color-dark); font-size: calc(var(--paragraph-min-font-size) * 1px + (var(--paragraph-max-font-size) - var(--paragraph-min-font-size)) * ((100vw - 320px) \/ 1600)); letter-spacing: 0px; background-color: var(--color-light-1) ;\">Furthermore he founded MUSICA+, a musical concept that aims to bring very different groups of people to classical music with chamber, school, and children&#8217;s concerts as well as workshops. The project is based at the Orangerie am G\u00fcnthersburgpark in Frankfurt am Main.<\/span><\/p>\n<p>Claude Frochaux plays a G. F. Celoniato cello from Turin 1720, and a G. Rivolta baroque cello, Milan 1818, which he owes to a private loan.<\/p><\/div>\n\t\t\t\t\t\t\t\t\t<div class=\"elementor-tab-title elementor-tab-mobile-title\" aria-selected=\"false\" data-tab=\"2\" role=\"tab\" tabindex=\"-1\" aria-controls=\"elementor-tab-content-2112\" aria-expanded=\"false\">DEU<\/div>\n\t\t\t\t\t<div id=\"elementor-tab-content-2112\" class=\"elementor-tab-content elementor-clearfix\" data-tab=\"2\" role=\"tabpanel\" aria-labelledby=\"elementor-tab-title-2112\" tabindex=\"0\" hidden=\"hidden\"><p>Der Schweizerisch-Italienische Cellist Claude Frochaux, geboren in Turin, Italien, begann im Alter von sechs Jahren mit dem Cellospiel am Suzuki-Talentzentrum und anschlie\u00dfend am Konservatorium von Turin. Es folgten Studien in Frankfurt bei Michael Sanderling, wo er sein Diplom und sein Konzertexamen mit der H\u00f6chstnote in der Solistenklasse abschloss, sowie Aufbaustudien mit Auszeichnung in Essen und Madrid. Weitere k\u00fcnstlerische Anregungen erhielt er u.a. von Eberhard Feltz, Menahem Pressler, Ferenc Rados, Ralf Gothoni und wurde von den Stiftungen De Sono, Live Music Now und Anna Ruths unterst\u00fctzt.<\/p>\n<p>Solo- und Kammermusikkonzerte f\u00fchrten ihn neben Italien und anderen europ\u00e4ischen L\u00e4ndern auch nach Nord- und S\u00fcdamerika, Indien und China mit Auftritten in S\u00e4len wie der Wigmore Hall und dem King&#8217;s Place London, der Elbphilharmonie Hamburg, der Alten Oper Frankfurt, dem Konzerthaus Berlin, der K\u00f6lner Philharmonie, dem Musikverein Wien, dem Parco della Musica Roma, dem Auditorium Sony Madrid, dem Arvo P\u00e4rt Centre Estonia sowie dem NCPA Theatre Mumbai und dem Teatro del Lago Chile. Als gefragter und leidenschaftlicher Kammermusiker ist er zu Gast bei Festivals wie Enescu Bukarest, Kuhmo Finnland, Oxford, Baltic Sea Festival, Schleswig-Holstein, Mecklenburg-Vorpommern, Mozartfest W\u00fcrzburg, Beethovenfest Bonn und wurde vom BR, WDR, SWR, NDR, Deutschlandfunk, RAI3 und Radio Clasica gesendet.<\/p>\n<p>Frochaux arbeitete mit Komponisten wie P\u0113teris Vasks, Krzysztof Penderecki, Sally Beamish und Arvo P\u00e4rt zusammen, der \u00fcber ihn schrieb: &#8220;Ich sch\u00e4tze das Talent und die F\u00e4higkeiten von Herrn Frochaux als Cellist sehr &#8230; Ich war sehr beeindruckt von seiner Interpretation meiner Werke.&#8221;<\/p>\n<p>2008 gr\u00fcndete er das Monte Piano Trio, mit dem er zahlreiche internationale Preise gewonnen hat &#8211; Maria Canals Barcelona, Schumann Frankfurt, Folkwang Preis Essen, Brahms \u00d6sterreich, Europ\u00e4ischer Kammermusikwettbewerb Karlsruhe. Das Trio hat zwei CDs beim Label Genuin Classics ver\u00f6ffentlicht, die zahlreiche Auszeichnungen erhielten, darunter F\u00fcnf-Sterne-Rezensionen im Fonoforum-Magazin, die Aufnahme in das Klassik Stars-Programm von BR Klassik und die Wahl zur CD des Monats im Stereo Magazin. Es ist auf dem Soundtrack des Dokumentarfilms &#8220;Maestro&#8221; zu h\u00f6ren, der das Leben von Musikern durch die Augen von Paavo J\u00e4rvi erforscht.&nbsp;<\/p><p>Er spielt in Ensembles wie O\/Modernt Stockholm, Chamber Orchestra of Europe oder Ensemble Midtwest und hat im Laufender Jahre Erfahrungen mit verschiedenen Orchestern wie Bamberger Symphoniker, English Chamber Orchestra, Stuttgarter Kammerorchester oder Spira Mirabilis gesammelt.<\/p>\n<p>Claude Frochaux ist k\u00fcnstlerischer Leiter des Kammermusikfestes Sylt, einem internationalen Kammermusikfestival, das seit 2012 j\u00e4hrlich auf der deutschen Insel stattfindet.&nbsp;Au\u00dferdem gr\u00fcndete er MUSICA+, ein musikalisches Konzept, das mit Kammer-, Schul- und Kinderkonzerten sowie Workshops ganz unterschiedliche Menschen an klassische Musik heranf\u00fchren will. Das Projekt hat seinen Sitz in der Orangerie am G\u00fcnthersburgpark in Frankfurt am Main.<\/p>\n<p>Claude Frochaux spielt ein Cello von G. F. Celoniato aus Turin 1720 und ein Barockcello von G. Rivolta, Mailand 1818, das er einer privaten Leihgabe verdankt.<\/p><\/div>\n\t\t\t\t\t\t\t<\/div>\n\t\t<\/div>\n\t\t\t\t<\/div>\n\t\t\t\t<\/div>\n\t\t\t\t\t<\/div>\n\t\t<\/div>\n\t\t\t\t\t\t\t<\/div>\n\t\t<\/section>\n\t\t\t\t<div class=\"elementor-element elementor-element-393196c elementor-widget__width-initial elementor-absolute elementor-widget-tablet__width-initial elementor-widget-mobile__width-initial elementor-hidden-mobile elementor-widget elementor-widget-rhye-widget-parallax-background\" data-id=\"393196c\" data-element_type=\"widget\" data-settings=\"{&quot;_position&quot;:&quot;absolute&quot;}\" data-widget_type=\"rhye-widget-parallax-background.default\">\n\t\t\t\t<div class=\"elementor-widget-container\">\n\t\t\t\n\t\t\t\t\t\t\t\t\t\t\t\t\t\t<div class=\"section section-image section text-center\" data-arts-parallax=true data-arts-parallax-factor=-0.1 data-arts-os-animation=true>\n\t\t\t\t\t\t\t\t\t\t\t\t\t\t<div class=\"section-image__wrapper overflow mask-reveal lazy\"  style=\"padding-bottom: calc( (2560 \/ 2063) * 100% ); height: 0;\">\n\t\t\t\t\t\t\t\t\t\t\t\t\t<div class=\"mask-reveal__layer mask-reveal__layer-1\">\n\t\t\t\t\t\t<div class=\"mask-reveal__layer mask-reveal__layer-2\">\n\t\t\t\t\t\t\t\t\t\t\t\t\t\t\t\t\t\t<img loading=\"lazy\" decoding=\"async\" class=\"\" src=\"data:image\/png;base64,iVBORw0KGgoAAAANSUhEUgAAAAEAAAABCAQAAAHCGzyUAAAABGdBTUEAALGPC\/xhBQAAADhlWElmTU0AKgAAAAgAAYdpAAQAAAABAAAAGgAAAAAAAqACAAQAAAABAAAAAaADAAQAAAABAAAAAQAAAADa6r\/EAAAAC0lEQVQI12NolQQAASYAn89qhTcAAAAASUVORK5CYII=\" data-src=\"https:\/\/claudefrochaux.com\/wp-content\/uploads\/2022\/09\/Claude_Frochaux-scaled.jpg\" width=\"2063\" height=\"2560\"   data-sizes=\"(max-width: 2063px) 100vw, 2063px\"  alt=\"\"\/>\n\t\t\t\t\t\t\t\t\t\t\t\t\t\t\t\t\t\t\t\t\t\t\t\t\t\t\t<\/div>\n\t\t\t\t\t<\/div>\n\t\t\t\t\t\t\t\t<\/div>\n\t\t\t\t\t\t\t\t\t\t\t\t\t\t<\/div>\n\t\t\t\t\t\t\t\t\t\n\t\t\t\t<\/div>\n\t\t\t\t<\/div>\n\t\t\t\t<div class=\"elementor-element elementor-element-f952c3d elementor-widget__width-initial elementor-absolute elementor-widget-tablet__width-initial elementor-widget-mobile__width-initial elementor-hidden-mobile elementor-widget elementor-widget-rhye-widget-parallax-background\" data-id=\"f952c3d\" data-element_type=\"widget\" data-settings=\"{&quot;_position&quot;:&quot;absolute&quot;}\" data-widget_type=\"rhye-widget-parallax-background.default\">\n\t\t\t\t<div class=\"elementor-widget-container\">\n\t\t\t\n\t\t\t\t\t\t\t\t\t\t\t\t\t\t\n\t\t\t\t<\/div>\n\t\t\t\t<\/div>\n\t\t\t\t<div class=\"elementor-element elementor-element-4255173 elementor-widget__width-initial elementor-absolute elementor-widget-tablet__width-initial elementor-widget-mobile__width-initial elementor-widget elementor-widget-rhye-widget-parallax-background\" data-id=\"4255173\" data-element_type=\"widget\" data-settings=\"{&quot;_position&quot;:&quot;absolute&quot;}\" data-widget_type=\"rhye-widget-parallax-background.default\">\n\t\t\t\t<div class=\"elementor-widget-container\">\n\t\t\t\n\t\t\t\t\t\t\t\t\t\t\t\t\t\t<div class=\"section section-image section text-center\" data-arts-parallax=true data-arts-parallax-factor=-0.1 data-arts-os-animation=true>\n\t\t\t\t\t\t\t\t\t\t\t\t\t\t<div class=\"section-image__wrapper overflow mask-reveal lazy\"  style=\"padding-bottom: calc( (1707 \/ 2560) * 100% ); height: 0;\">\n\t\t\t\t\t\t\t\t\t\t\t\t\t<div class=\"mask-reveal__layer mask-reveal__layer-1\">\n\t\t\t\t\t\t<div class=\"mask-reveal__layer mask-reveal__layer-2\">\n\t\t\t\t\t\t\t\t\t\t\t\t\t\t\t\t\t\t<img loading=\"lazy\" decoding=\"async\" class=\"\" src=\"data:image\/png;base64,iVBORw0KGgoAAAANSUhEUgAAAAEAAAABCAQAAAHCGzyUAAAABGdBTUEAALGPC\/xhBQAAADhlWElmTU0AKgAAAAgAAYdpAAQAAAABAAAAGgAAAAAAAqACAAQAAAABAAAAAaADAAQAAAABAAAAAQAAAADa6r\/EAAAAC0lEQVQI12NolQQAASYAn89qhTcAAAAASUVORK5CYII=\" data-src=\"https:\/\/claudefrochaux.com\/wp-content\/uploads\/2022\/09\/2-scaled.jpg\" width=\"2560\" height=\"1707\"   data-sizes=\"(max-width: 2560px) 100vw, 2560px\"  alt=\"\"\/>\n\t\t\t\t\t\t\t\t\t\t\t\t\t\t\t\t\t\t\t\t\t\t\t\t\t\t\t<\/div>\n\t\t\t\t\t<\/div>\n\t\t\t\t\t\t\t\t<\/div>\n\t\t\t\t\t\t\t\t\t\t\t\t\t\t<\/div>\n\t\t\t\t\t\t\t\t\t\n\t\t\t\t<\/div>\n\t\t\t\t<\/div>\n\t\t\t\t\t<\/div>\n\t\t<\/div>\n\t\t\t\t\t\t\t<\/div>\n\t\t<\/section>\n\t\t\t\t\t\t\t<\/div>\n\t\t","protected":false},"excerpt":{"rendered":"<p>ENG DEU ENG Born in Turin, Italy, Swiss-Italian cellist Claude Frochaux began playing the cello at the age of six at the Suzuki Talent Center, then at the Conservatory of Turin. Studies followed in Frankfurt with Michael Sanderling, where he completed his diploma and his concert examination with the highest rating in the soloist class, [&hellip;]<\/p>\n","protected":false},"author":1,"featured_media":0,"parent":0,"menu_order":3,"comment_status":"closed","ping_status":"closed","template":"elementor_header_footer","meta":{"footnotes":""},"class_list":["post-1490","page","type-page","status-publish","hentry"],"rttpg_featured_image_url":null,"rttpg_author":{"display_name":"admin_","author_link":"https:\/\/claudefrochaux.com\/?author=1"},"rttpg_comment":0,"rttpg_category":null,"rttpg_excerpt":"ENG DEU ENG Born in Turin, Italy, Swiss-Italian cellist Claude Frochaux began playing the cello at the age of six at the Suzuki Talent Center, then at the Conservatory of Turin. Studies followed in Frankfurt with Michael Sanderling, where he completed his diploma and his concert examination with the highest rating in the soloist class,&hellip;","_links":{"self":[{"href":"https:\/\/claudefrochaux.com\/index.php?rest_route=\/wp\/v2\/pages\/1490","targetHints":{"allow":["GET"]}}],"collection":[{"href":"https:\/\/claudefrochaux.com\/index.php?rest_route=\/wp\/v2\/pages"}],"about":[{"href":"https:\/\/claudefrochaux.com\/index.php?rest_route=\/wp\/v2\/types\/page"}],"author":[{"embeddable":true,"href":"https:\/\/claudefrochaux.com\/index.php?rest_route=\/wp\/v2\/users\/1"}],"replies":[{"embeddable":true,"href":"https:\/\/claudefrochaux.com\/index.php?rest_route=%2Fwp%2Fv2%2Fcomments&post=1490"}],"version-history":[{"count":200,"href":"https:\/\/claudefrochaux.com\/index.php?rest_route=\/wp\/v2\/pages\/1490\/revisions"}],"predecessor-version":[{"id":3554,"href":"https:\/\/claudefrochaux.com\/index.php?rest_route=\/wp\/v2\/pages\/1490\/revisions\/3554"}],"wp:attachment":[{"href":"https:\/\/claudefrochaux.com\/index.php?rest_route=%2Fwp%2Fv2%2Fmedia&parent=1490"}],"curies":[{"name":"wp","href":"https:\/\/api.w.org\/{rel}","templated":true}]}}